
{"id":1134,"date":"2022-07-25T11:19:16","date_gmt":"2022-07-25T11:19:16","guid":{"rendered":"http:\/\/chuyenphatnhanh-hoatoc.com\/?page_id=1134"},"modified":"2025-01-07T07:15:02","modified_gmt":"2025-01-07T07:15:02","slug":"ve-chung-toi","status":"publish","type":"page","link":"https:\/\/chuyenhoatocsanbay.com\/?page_id=1134","title":{"rendered":"V\u1ec0 CH\u00daNG T\u00d4I"},"content":{"rendered":"<div class=\"row\"  id=\"row-388881089\">\n\n\t<div id=\"col-591295324\" class=\"col medium-9 small-12 large-9\"  >\n\t\t\t\t<div class=\"col-inner\"  >\n\t\t\t\n\t\t\t\n<p><strong>T\u00ecm hi\u1ec3u v\u1ec1 d\u1ecbch v\u1ee5 DHL Express<\/strong><\/p>\n<p>Gi\u1edbi thi\u1ec7u d\u1ecbch v\u1ee5<br \/>Nh\u01b0 \u0111\u00e3 gi\u1edbi thi\u1ec7u d\u1ecbch v\u1ee5 chuy\u1ec3n ph\u00e1t nhanh Express l\u00e0 d\u1ecbch v\u1ee5 chuy\u1ec3n ph\u00e1t nhanh uy t\u00edn nh\u1ea5t c\u1ea3 n\u01b0\u1edbc. Express nh\u1eadn chuy\u1ec3n ph\u00e1t nhanh n\u1ed9i \u0111\u1ecba v\u00e0 qu\u1ed1c t\u1ebf. Ch\u00fang t\u00f4i \u0111\u00e3 c\u00f3 h\u01a1n 10 n\u0103m trong l\u0129nh v\u1ef1c chuy\u1ec3n ph\u00e1t nhanh qu\u1ed1c t\u1ebf v\u00e0 v\u1eadn chuy\u1ec3n h\u00e0ng h\u00f3a trong n\u01b0\u1edbc v\u1edbi \u0111\u1ed9i ng\u0169 nh\u00e2n l\u1ef1c h\u01a1n 365.000 ng\u01b0\u1eddi v\u00e0 h\u01a1n 1000 b\u01b0u c\u1ee5c nh\u1eadn tr\u00ean kh\u1eafp th\u1ec3 gi\u1edbi t\u1ea1i h\u01a1n 203 qu\u1ed1c gia.<\/p>\n<p>D\u1ecbch v\u1ee5 chuy\u1ec3n ph\u00e1t nhanh Express \u0111\u00e3 nh\u1eadn \u0111\u01b0\u1ee3c nhi\u1ec1u gi\u1ea3i th\u01b0\u1edfng v\u1ec1 v\u1eadn chuy\u1ec3n trong v\u00e0 ngo\u00e0i n\u01b0\u1edbc v\u00e0 lu\u00f4n c\u1ed1 g\u1eafng ho\u00e0n thi\u1ec7n h\u01a1n \u0111\u1ec3 c\u00f3 th\u1ec3 ti\u1ebft ki\u1ec7m chi ph\u00ed v\u00e0 th\u1eddi gian cho c\u1ea3 kh\u00e1ch h\u00e0ng v\u00e0 c\u00f4ng ty. Ch\u00ednh v\u00ec v\u1eady m\u00e0 h\u01a1n 10 n\u0103m qua ch\u00fang t\u00f4i v\u1eabn lu\u00f4n \u0111\u01b0\u1ee3c kh\u00e1ch h\u00e0ng tin y\u00eau l\u00e0 d\u1ecbch v\u1ee5 chuy\u1ec3n ph\u00e1t nhanh qu\u1ed1c t\u1ebf gi\u00e1 r\u1ebb.<\/p>\n<p>\u00a0<\/p>\n<p>chuy\u1ec3n ph\u00e1t nhanh DHL Express \u0111\u00e3 c\u00f3 m\u1eb7t t\u1ea1i h\u01a1n 220 qu\u1ed1c gia v\u00e0 v\u00f9ng l\u00e3nh th\u1ed5 tr\u00ean th\u1ebf gi\u1edbi. V\u1edbi h\u01a1n 365,000 nh\u00e2n vi\u00ean, ch\u00fang t\u00f4i cung c\u1ea5p c\u00e1c gi\u1ea3i ph\u00e1p v\u1edbi s\u1ed1 l\u01b0\u1ee3ng kh\u00f4ng gi\u1edbi h\u1ea1n cho h\u1ea7u h\u1ebft c\u00e1c nhu c\u1ea7u chuy\u1ec3n ph\u00e1t, n\u00ean vi\u1ec7c v\u1eadn chuy\u1ec3n h\u00e0ng h\u00f3a c\u1ee7a b\u1ea1n kh\u00f4ng g\u1eb7p v\u1ea5n \u0111\u1ec1 tr\u1edf ng\u1ea1i g\u00ec v\u1ec1 nh\u00e2n l\u1ef1c.<\/p>\n<p>V\u1edbi d\u1ecbch v\u1ee5 chuy\u1ec3n ph\u00e1t nhanh kh\u00e1c v\u1edbi c\u00e1c g\u00f3i d\u1ecbch v\u1ee5 g\u1eedi th\u00f4ng th\u01b0\u1eddng l\u00e0 th\u1eddi gian g\u1eedi ng\u1eafn v\u00e0 \u0111\u01b0\u1ee3c x\u00e1c \u0111\u1ecbnh. Trong khi d\u1ecbch v\u1ee5 chuy\u1ec3n ph\u00e1t th\u01b0\u1eddng, b\u01b0u ch\u00ednh u\u1ef7 th\u00e1c, b\u01b0u ki\u1ec7n \u0111\u1ea3m b\u1ea3o, c\u00f3 th\u1eddi gian to\u00e0n tr\u00ecnh d\u00e0i h\u01a1n nhi\u1ec1u v\u00e0 c\u00e1c nh\u00e0 cung c\u1ea5p \u00edt khi \u0111\u01b0a ra 1 kho\u1ea3ng th\u1eddi gian cam k\u1ebft x\u00e1c \u0111\u1ecbnh.<\/p>\n<p>\u00a0<\/p>\n<p>Chuy\u1ec3n ph\u00e1t nhanh lu\u00f4n k\u00e8m v\u1edbi \u201cchuy\u1ec3n ph\u00e1t \u0111\u1ea3m b\u1ea3o\u201d, t\u1ee9c l\u00e0 n\u1ebfu \u0111\u1ecba ch\u1ec9 nh\u1eadn kh\u00f4ng c\u00f3 g\u00ec tr\u1ee5c tr\u1eb7c th\u00ec b\u01b0u ph\u1ea9m ph\u1ea3i \u0111\u1ebfn n\u01a1i v\u00e0 c\u00f3 ch\u1eef k\u00fd, h\u1ecd t\u00ean c\u1ee7a ng\u01b0\u1eddi \u0111\u00e3 nh\u1eadn h\u00e0ng v\u00e0 th\u1eddi gian nh\u1eadn h\u00e0ng. N\u1ebfu s\u1ed1 \u0111i\u1ec7n tho\u1ea1i sai, \u0111\u1ecba ch\u1ec9 sai th\u00ec ch\u00fang t\u00f4i s\u1ebd t\u1ef1 \u0111\u1ed9ng li\u00ean l\u1ea1c v\u1edbi ng\u01b0\u1eddi g\u1eedi. N\u1ebfu kh\u00f4ng l\u00e0m \u0111\u01b0\u1ee3c nh\u01b0 v\u1eady th\u00ec kh\u00e1ch h\u00e0ng c\u00f3 quy\u1ec1n khi\u1ebfu l\u1ea1i nh\u00e0 cung c\u1ea5p d\u1ecbch v\u1ee5 chuy\u1ec3n ph\u00e1t.<\/p>\n<p>\u0110\u00f3ng g\u00f3i<br \/>\u0110\u00e2y l\u00e0 vi\u1ec7c c\u1ea7n thi\u1ebft v\u00e0 quan tr\u1ecdng \u0111\u1ec3 \u0111\u1ea3m b\u1ea3o h\u00e0ng h\u00f3a \u0111\u1eb7c bi\u1ec7t l\u00e0 h\u00e0ng h\u00f3a d\u1ec5 v\u1ee1 kh\u00f4ng b\u1ecb h\u1ecfng h\u00f3c trong qu\u00e1 tr\u00ecnh v\u1eadn chuy\u1ec3n. Kh\u00e1ch h\u00e0ng c\u00f3 th\u1ec3 t\u1ef1 \u0111\u00f3ng g\u00f3i ho\u1eb7c ch\u00fang t\u00f4i \u0111\u00f3ng g\u00f3i h\u1ed9. Tr\u01b0\u1edbc h\u1ebft c\u00e1c b\u1ea1n n\u00ean ki\u1ec3m tra v\u00e0 th\u00f4ng b\u00e1o cho ch\u00fang t\u00f4i bi\u1ebft v\u1ec1 t\u00ecnh tr\u1ea1ng h\u00e0ng h\u00f3a \u0111\u1ec3 ch\u00fang t\u00f4i t\u01b0 v\u1ea5n cho b\u1ea1n c\u00f3 n\u00ean \u0111\u00f3ng g\u00f3i kh\u00f4ng v\u00e0 \u0111\u00f3ng g\u00f3i nh\u01b0 th\u1ebf n\u00e0o .<\/p>\n<p>Sau \u0111\u00f3 N\u1ebfu t\u1ef1 \u0111\u00f3ng g\u00f3i, kh\u00e1ch h\u00e0ng n\u00ean tham kh\u1ea3o ph\u1ea7n h\u01b0\u1edbng d\u1eabn \u0111\u00f3ng g\u00f3i \u0111\u1ec3 \u0111\u1ea3m b\u1ea3o qu\u00e1 tr\u00ecnh \u0111\u00f3ng g\u00f3i t\u1ed1t. N\u1ebfu kh\u00e1ch h\u00e0ng y\u00eau c\u1ea7u Express \u0111\u00f3ng g\u00f3i, b\u1ea1n c\u1ea7n d\u1ef1 tr\u00f9 th\u1eddi gian \u0111\u00f3ng g\u00f3i \u0111\u1ec3 kh\u00f4ng \u1ea3nh h\u01b0\u1edfng \u0111\u1ebfn th\u1eddi gian ph\u00e1t c\u1ee7a h\u00e0ng h\u00f3a b\u01b0u g\u1eedi.<\/p>\n<p>C\u00e1c lo\u1ea1i h\u00e0ng h\u00f3a b\u1eaft bu\u1ed9c ph\u1ea3i \u0111\u00f3ng g\u00f3i:<br \/>\u2013 Linh ki\u1ec7n \u0111i\u1ec7n t\u1eed, h\u00e0ng gi\u00e1 tr\u1ecb cao.<br \/>\u2013 M\u00e1y m\u00f3c, thi\u1ebft b\u1ecb.<br \/>\u2013 Laptop, \u0111i\u1ec7n tho\u1ea1i di \u0111\u1ed9ng.<br \/>\u2013 H\u00e0ng th\u1ef1c ph\u1ea9m, \u0111\u00f4ng l\u1ea1nh.<br \/>\u2013 H\u00e0ng d\u1ec5 v\u1ee1, h\u00e0ng c\u00f3 h\u00ecnh d\u1ea1ng \u0111\u1eb7c bi\u1ec7t ho\u1eb7c c\u00f3 c\u00e1c \u0111\u1eb7c t\u00ednh v\u1eadt l\u00fd c\u00f3 th\u1ec3 g\u00e2y \u1ea3nh h\u01b0\u1edfng t\u1edbi c\u00e1c h\u00e0ng h\u00f3a kh\u00e1c.<br \/>Li\u00ean h\u1ec7 t\u01b0 v\u1ea5n: <a href=\"tel:0971850000\">0971850000<\/a><\/p>\n\t\t<\/div>\n\t\t\t\t\t<\/div>\n\n\t\n\n\t<div id=\"col-1353476150\" class=\"col medium-3 small-12 large-3\"  >\n\t\t\t\t<div class=\"col-inner\"  >\n\t\t\t\n\t\t\t\n<ul class=\"sidebar-wrapper ul-reset\"><aside id=\"block_widget-2\" class=\"widget block_widget\">\n\t\t\n\t\t<div class=\"row sidebar-general\"  id=\"row-60883288\">\r\n\r\n\n\t<div id=\"col-778014171\" class=\"col sidebar-home medium-3 small-12 large-12\"  >\n\t\t\t\t<div class=\"col-inner text-left\"  >\n\t\t\t\n\t\t\t\r\n\r\n\t<div class=\"img has-hover x md-x lg-x y md-y lg-y\" id=\"image_423426282\">\n\t\t\t\t\t\t\t\t<div class=\"img-inner dark\" >\n\t\t\t<img loading=\"lazy\" decoding=\"async\" width=\"280\" height=\"60\" src=\"https:\/\/chuyenhoatocsanbay.com\/wp-content\/uploads\/2022\/07\/hotrott.png\" class=\"attachment-large size-large\" alt=\"\" \/>\t\t\t\t\t\t\n\t\t\t\t\t<\/div>\n\t\t\t\t\t\t\t\t\n<style>\n#image_423426282 {\n  width: 100%;\n}\n<\/style>\n\t<\/div>\n\t\r\n<div class=\"tuvan\">\r\n<div class=\"nhanvien\">B\u1ea5m G\u1ecdi<\/div>\r\n<div class=\"asky\">\r\n\r\n0933160333\r\n<div class=\"wrap-phone\"><img decoding=\"async\" src=\"http:\/\/chuyenhoatocsanbay.com\/wp-content\/uploads\/2022\/07\/yho1.png\" alt=\"B\u1ea5m G\u1ecdi\" \/>\r\n<img decoding=\"async\" src=\"http:\/\/chuyenhoatocsanbay.com\/wp-content\/uploads\/2022\/07\/sky1.png\" alt=\"B\u1ea5m G\u1ecdi\" \/><\/div>\r\n<\/div>\r\n<\/div>\r\n<div class=\"tuvan\">\r\n<div class=\"nhanvien\">B\u1ea5m G\u1ecdi<\/div>\r\n<div class=\"asky\">\r\n\r\n0933160333\r\n<div class=\"wrap-phone\"><img decoding=\"async\" src=\"http:\/\/chuyenhoatocsanbay.com\/wp-content\/uploads\/2022\/07\/yho1.png\" alt=\"B\u1ea5m G\u1ecdi\" \/>\r\n<img decoding=\"async\" src=\"http:\/\/chuyenhoatocsanbay.com\/wp-content\/uploads\/2022\/07\/sky1.png\" alt=\"B\u1ea5m G\u1ecdi\" \/><\/div>\r\n<\/div>\r\n<\/div>\r\n<h4 class=\"title-sidebar\">B\u00e0i vi\u1ebft n\u1ed5i b\u1eadt<\/h4>\r\n\n  \n    <div class=\"row large-columns-1 medium-columns-1 small-columns-1\">\n  <div class=\"col post-item\" >\n\t\t\t<div class=\"col-inner\">\n\t\t\t<a href=\"https:\/\/chuyenhoatocsanbay.com\/?p=2163\" class=\"plain\">\n\t\t\t\t<div class=\"box box-normal box-text-bottom box-blog-post has-hover\">\n          \t\t\t\t\t<div class=\"box-text text-left\" >\n\t\t\t\t\t<div class=\"box-text-inner blog-post-inner\">\n\n\t\t\t\t\t\n\t\t\t\t\t\t\t\t\t\t<h5 class=\"post-title is-large \">CHUY\u1ec2N PH\u00c1T H\u1eceA T\u1ed0C<\/h5>\n\t\t\t\t\t\t\t\t\t\t<div class=\"is-divider\"><\/div>\n\t\t\t\t\t                    \n\t\t\t\t\t\n\t\t\t\t\t\n\t\t\t\t\t<\/div>\n\t\t\t\t\t<\/div>\n\t\t\t\t\t\t\t\t\t<\/div>\n\t\t\t\t<\/a>\n\t\t\t<\/div>\n\t\t<\/div><div class=\"col post-item\" >\n\t\t\t<div class=\"col-inner\">\n\t\t\t<a href=\"https:\/\/chuyenhoatocsanbay.com\/?p=1341\" class=\"plain\">\n\t\t\t\t<div class=\"box box-normal box-text-bottom box-blog-post has-hover\">\n            \t\t\t\t\t<div class=\"box-image\" style=\"width:45%;\">\n  \t\t\t\t\t\t<div class=\"image-cover\" style=\"padding-top:56.25%;\">\n  \t\t\t\t\t\t\t<img loading=\"lazy\" decoding=\"async\" width=\"730\" height=\"250\" src=\"https:\/\/chuyenhoatocsanbay.com\/wp-content\/uploads\/2018\/04\/2015-12-08-095454-x9ozszept0-1.jpg\" class=\"attachment-medium size-medium wp-post-image\" alt=\"\" \/>  \t\t\t\t\t\t\t  \t\t\t\t\t\t\t  \t\t\t\t\t\t<\/div>\n  \t\t\t\t\t\t  \t\t\t\t\t<\/div>\n          \t\t\t\t\t<div class=\"box-text text-left\" >\n\t\t\t\t\t<div class=\"box-text-inner blog-post-inner\">\n\n\t\t\t\t\t\n\t\t\t\t\t\t\t\t\t\t<h5 class=\"post-title is-large \">CHUY\u1ec2N PH\u00c1T NHANH HO\u1ea2 T\u1ed0C \u0110I C\u00c1C T\u1ec8NH C\u00d3 S\u00c2N BAY<\/h5>\n\t\t\t\t\t\t\t\t\t\t<div class=\"is-divider\"><\/div>\n\t\t\t\t\t                    \n\t\t\t\t\t\n\t\t\t\t\t\n\t\t\t\t\t<\/div>\n\t\t\t\t\t<\/div>\n\t\t\t\t\t\t\t\t\t<\/div>\n\t\t\t\t<\/a>\n\t\t\t<\/div>\n\t\t<\/div><div class=\"col post-item\" >\n\t\t\t<div class=\"col-inner\">\n\t\t\t<a href=\"https:\/\/chuyenhoatocsanbay.com\/?p=1344\" class=\"plain\">\n\t\t\t\t<div class=\"box box-normal box-text-bottom box-blog-post has-hover\">\n            \t\t\t\t\t<div class=\"box-image\" style=\"width:45%;\">\n  \t\t\t\t\t\t<div class=\"image-cover\" style=\"padding-top:56.25%;\">\n  \t\t\t\t\t\t\t<img loading=\"lazy\" decoding=\"async\" width=\"730\" height=\"250\" src=\"https:\/\/chuyenhoatocsanbay.com\/wp-content\/uploads\/2018\/04\/2015-12-08-095454-x9ozszept0-1.jpg\" class=\"attachment-medium size-medium wp-post-image\" alt=\"\" \/>  \t\t\t\t\t\t\t  \t\t\t\t\t\t\t  \t\t\t\t\t\t<\/div>\n  \t\t\t\t\t\t  \t\t\t\t\t<\/div>\n          \t\t\t\t\t<div class=\"box-text text-left\" >\n\t\t\t\t\t<div class=\"box-text-inner blog-post-inner\">\n\n\t\t\t\t\t\n\t\t\t\t\t\t\t\t\t\t<h5 class=\"post-title is-large \">Chuy\u1ec3n ph\u00e1t ti\u1ebft ki\u1ec7m<\/h5>\n\t\t\t\t\t\t\t\t\t\t<div class=\"is-divider\"><\/div>\n\t\t\t\t\t                    \n\t\t\t\t\t\n\t\t\t\t\t\n\t\t\t\t\t<\/div>\n\t\t\t\t\t<\/div>\n\t\t\t\t\t\t\t\t\t<\/div>\n\t\t\t\t<\/a>\n\t\t\t<\/div>\n\t\t<\/div><div class=\"col post-item\" >\n\t\t\t<div class=\"col-inner\">\n\t\t\t<a href=\"https:\/\/chuyenhoatocsanbay.com\/?p=1346\" class=\"plain\">\n\t\t\t\t<div class=\"box box-normal box-text-bottom box-blog-post has-hover\">\n            \t\t\t\t\t<div class=\"box-image\" style=\"width:45%;\">\n  \t\t\t\t\t\t<div class=\"image-cover\" style=\"padding-top:56.25%;\">\n  \t\t\t\t\t\t\t<img loading=\"lazy\" decoding=\"async\" width=\"730\" height=\"250\" src=\"https:\/\/chuyenhoatocsanbay.com\/wp-content\/uploads\/2018\/04\/2015-12-08-095454-x9ozszept0-1.jpg\" class=\"attachment-medium size-medium wp-post-image\" alt=\"\" \/>  \t\t\t\t\t\t\t  \t\t\t\t\t\t\t  \t\t\t\t\t\t<\/div>\n  \t\t\t\t\t\t  \t\t\t\t\t<\/div>\n          \t\t\t\t\t<div class=\"box-text text-left\" >\n\t\t\t\t\t<div class=\"box-text-inner blog-post-inner\">\n\n\t\t\t\t\t\n\t\t\t\t\t\t\t\t\t\t<h5 class=\"post-title is-large \">D\u1ecbch v\u1ee5 \u0111\u00f3ng g\u00f3i h\u00e0ng mi\u1ec5n ph\u00ed<\/h5>\n\t\t\t\t\t\t\t\t\t\t<div class=\"is-divider\"><\/div>\n\t\t\t\t\t                    \n\t\t\t\t\t\n\t\t\t\t\t\n\t\t\t\t\t<\/div>\n\t\t\t\t\t<\/div>\n\t\t\t\t\t\t\t\t\t<\/div>\n\t\t\t\t<\/a>\n\t\t\t<\/div>\n\t\t<\/div><div class=\"col post-item\" >\n\t\t\t<div class=\"col-inner\">\n\t\t\t<a href=\"https:\/\/chuyenhoatocsanbay.com\/?p=1348\" class=\"plain\">\n\t\t\t\t<div class=\"box box-normal box-text-bottom box-blog-post has-hover\">\n            \t\t\t\t\t<div class=\"box-image\" style=\"width:45%;\">\n  \t\t\t\t\t\t<div class=\"image-cover\" style=\"padding-top:56.25%;\">\n  \t\t\t\t\t\t\t<img loading=\"lazy\" decoding=\"async\" width=\"730\" height=\"250\" src=\"https:\/\/chuyenhoatocsanbay.com\/wp-content\/uploads\/2018\/04\/2015-12-08-095454-x9ozszept0-1.jpg\" class=\"attachment-medium size-medium wp-post-image\" alt=\"\" \/>  \t\t\t\t\t\t\t  \t\t\t\t\t\t\t  \t\t\t\t\t\t<\/div>\n  \t\t\t\t\t\t  \t\t\t\t\t<\/div>\n          \t\t\t\t\t<div class=\"box-text text-left\" >\n\t\t\t\t\t<div class=\"box-text-inner blog-post-inner\">\n\n\t\t\t\t\t\n\t\t\t\t\t\t\t\t\t\t<h5 class=\"post-title is-large \">D\u1ecbch v\u1ee5 nh\u1eadn h\u00e0ng t\u1ea1i \u0111\u1ecba ch\u1ec9<\/h5>\n\t\t\t\t\t\t\t\t\t\t<div class=\"is-divider\"><\/div>\n\t\t\t\t\t                    \n\t\t\t\t\t\n\t\t\t\t\t\n\t\t\t\t\t<\/div>\n\t\t\t\t\t<\/div>\n\t\t\t\t\t\t\t\t\t<\/div>\n\t\t\t\t<\/a>\n\t\t\t<\/div>\n\t\t<\/div><\/div>\r\n\r\n\t\t<\/div>\n\t\t\t\t\t<\/div>\n\n\t\r\n\r\n<\/div>\n\t\t<\/aside><\/ul>\n\t\t<\/div>\n\t\t\t\t\t<\/div>\n\n\t\n<\/div>\n","protected":false},"excerpt":{"rendered":"","protected":false},"author":1,"featured_media":0,"parent":0,"menu_order":0,"comment_status":"closed","ping_status":"closed","template":"","meta":{"footnotes":""},"class_list":["post-1134","page","type-page","status-publish","hentry"],"_links":{"self":[{"href":"https:\/\/chuyenhoatocsanbay.com\/index.php?rest_route=\/wp\/v2\/pages\/1134","targetHints":{"allow":["GET"]}}],"collection":[{"href":"https:\/\/chuyenhoatocsanbay.com\/index.php?rest_route=\/wp\/v2\/pages"}],"about":[{"href":"https:\/\/chuyenhoatocsanbay.com\/index.php?rest_route=\/wp\/v2\/types\/page"}],"author":[{"embeddable":true,"href":"https:\/\/chuyenhoatocsanbay.com\/index.php?rest_route=\/wp\/v2\/users\/1"}],"replies":[{"embeddable":true,"href":"https:\/\/chuyenhoatocsanbay.com\/index.php?rest_route=%2Fwp%2Fv2%2Fcomments&post=1134"}],"version-history":[{"count":13,"href":"https:\/\/chuyenhoatocsanbay.com\/index.php?rest_route=\/wp\/v2\/pages\/1134\/revisions"}],"predecessor-version":[{"id":2696,"href":"https:\/\/chuyenhoatocsanbay.com\/index.php?rest_route=\/wp\/v2\/pages\/1134\/revisions\/2696"}],"wp:attachment":[{"href":"https:\/\/chuyenhoatocsanbay.com\/index.php?rest_route=%2Fwp%2Fv2%2Fmedia&parent=1134"}],"curies":[{"name":"wp","href":"https:\/\/api.w.org\/{rel}","templated":true}]}}